{"id":137,"date":"2015-07-24T05:17:53","date_gmt":"2015-07-24T05:17:53","guid":{"rendered":"http:\/\/politiskhistoria.se\/?page_id=137"},"modified":"2015-09-17T16:09:28","modified_gmt":"2015-09-17T16:09:28","slug":"press-och-media","status":"publish","type":"page","link":"https:\/\/politiskhistoria.se\/?page_id=137","title":{"rendered":"Press och media"},"content":{"rendered":"<p><strong>Svart Potatis<\/strong><br \/>\nF\u00f6r mer information, l\u00e4s- eller recensionsexemplar, etc skicka mail till info@politiskhistoria.se.<br \/>\nMail till f\u00f6rfattaren P\u00e4r Lodin: par.lodin@interactive.nu<\/p>\n<p>Provl\u00e4s (inneh\u00e5ll, f\u00f6rord, kapitel 1) \u2013 klicka <span style=\"color: #3366ff;\"><a style=\"color: #3366ff;\" href=\"http:\/\/issuu.com\/politiskhistoria\/docs\/svpotatis_s1-27b_04a83af443fbbd\/1\" target=\"_blank\">h\u00e4r<\/a><\/span>.<\/p>\n<p>H\u00f6guppl\u00f6sta bilder fria att anv\u00e4nda (klicka f\u00f6r att \u00f6ppna i full storlek):<\/p>\n<p><a href=\"http:\/\/politiskhistoria.se\/wp-content\/uploads\/2015\/07\/statyer2sv.jpg\"><img loading=\"lazy\" decoding=\"async\" class=\"alignnone wp-image-123 size-large\" src=\"http:\/\/politiskhistoria.se\/wp-content\/uploads\/2015\/07\/statyer2sv-1024x768.jpg\" alt=\"\" width=\"900\" height=\"675\" srcset=\"https:\/\/politiskhistoria.se\/wp-content\/uploads\/2015\/07\/statyer2sv-1024x768.jpg 1024w, https:\/\/politiskhistoria.se\/wp-content\/uploads\/2015\/07\/statyer2sv-300x225.jpg 300w, https:\/\/politiskhistoria.se\/wp-content\/uploads\/2015\/07\/statyer2sv-100x75.jpg 100w, https:\/\/politiskhistoria.se\/wp-content\/uploads\/2015\/07\/statyer2sv-150x113.jpg 150w\" sizes=\"auto, (max-width: 900px) 100vw, 900px\" \/><\/a><\/p>\n<p><a href=\"http:\/\/politiskhistoria.se\/wp-content\/uploads\/2015\/07\/faminecolor_highres.jpg\"><img loading=\"lazy\" decoding=\"async\" class=\"alignnone size-large wp-image-219\" src=\"http:\/\/politiskhistoria.se\/wp-content\/uploads\/2015\/07\/faminecolor_highres-1024x768.jpg\" alt=\"faminecolor_highres\" width=\"900\" height=\"675\" srcset=\"https:\/\/politiskhistoria.se\/wp-content\/uploads\/2015\/07\/faminecolor_highres-1024x768.jpg 1024w, https:\/\/politiskhistoria.se\/wp-content\/uploads\/2015\/07\/faminecolor_highres-300x225.jpg 300w, https:\/\/politiskhistoria.se\/wp-content\/uploads\/2015\/07\/faminecolor_highres-100x75.jpg 100w, https:\/\/politiskhistoria.se\/wp-content\/uploads\/2015\/07\/faminecolor_highres-150x113.jpg 150w\" sizes=\"auto, (max-width: 900px) 100vw, 900px\" \/><\/a><br \/>\n<em>De kusliga statyerna &#8221;Famine&#8221; av Rowan Gillespi. \u00a0Konstverket vid Dublins kaj visar sv\u00e4ltande b\u00f6nder p\u00e5 v\u00e4g att emigrera. Foto: P\u00e4r Lodin<\/em><\/p>\n<p><em>Omslag, h\u00f6guppl\u00f6st:<\/em><\/p>\n<p><a href=\"http:\/\/politiskhistoria.se\/wp-content\/uploads\/2015\/07\/omslagsept.jpg\"><img loading=\"lazy\" decoding=\"async\" class=\"alignnone wp-image-188 size-medium\" src=\"http:\/\/politiskhistoria.se\/wp-content\/uploads\/2015\/07\/omslagsept-200x300.jpg\" alt=\"\" width=\"200\" height=\"300\" srcset=\"https:\/\/politiskhistoria.se\/wp-content\/uploads\/2015\/07\/omslagsept-200x300.jpg 200w, https:\/\/politiskhistoria.se\/wp-content\/uploads\/2015\/07\/omslagsept-684x1024.jpg 684w, https:\/\/politiskhistoria.se\/wp-content\/uploads\/2015\/07\/omslagsept-100x150.jpg 100w, https:\/\/politiskhistoria.se\/wp-content\/uploads\/2015\/07\/omslagsept.jpg 1656w\" sizes=\"auto, (max-width: 200px) 100vw, 200px\" \/><\/a><\/p>\n<p><em>F\u00f6rfattarbilder P\u00e4r Lodin, h\u00f6guppl\u00f6sta. Foto: Ulf Lodin<\/em><\/p>\n<p><a href=\"http:\/\/politiskhistoria.se\/wp-content\/uploads\/2015\/07\/ParLodin_highres.jpg\"><img loading=\"lazy\" decoding=\"async\" class=\"alignnone size-medium wp-image-121\" src=\"http:\/\/politiskhistoria.se\/wp-content\/uploads\/2015\/07\/ParLodin_highres-300x200.jpg\" alt=\"ParLodin_highres\" width=\"300\" height=\"200\" srcset=\"https:\/\/politiskhistoria.se\/wp-content\/uploads\/2015\/07\/ParLodin_highres-300x200.jpg 300w, https:\/\/politiskhistoria.se\/wp-content\/uploads\/2015\/07\/ParLodin_highres-1024x684.jpg 1024w, https:\/\/politiskhistoria.se\/wp-content\/uploads\/2015\/07\/ParLodin_highres-100x67.jpg 100w, https:\/\/politiskhistoria.se\/wp-content\/uploads\/2015\/07\/ParLodin_highres-150x100.jpg 150w\" sizes=\"auto, (max-width: 300px) 100vw, 300px\" \/><\/a><\/p>\n<p><a href=\"http:\/\/politiskhistoria.se\/wp-content\/uploads\/2015\/07\/PLodin.jpg\"><img loading=\"lazy\" decoding=\"async\" class=\"alignnone size-medium wp-image-214\" src=\"http:\/\/politiskhistoria.se\/wp-content\/uploads\/2015\/07\/PLodin-199x300.jpg\" alt=\"PLodin\" width=\"199\" height=\"300\" srcset=\"https:\/\/politiskhistoria.se\/wp-content\/uploads\/2015\/07\/PLodin-199x300.jpg 199w, https:\/\/politiskhistoria.se\/wp-content\/uploads\/2015\/07\/PLodin-680x1024.jpg 680w, https:\/\/politiskhistoria.se\/wp-content\/uploads\/2015\/07\/PLodin-100x150.jpg 100w\" sizes=\"auto, (max-width: 199px) 100vw, 199px\" \/><\/a><\/p>\n<p>&nbsp;<\/p>\n<p>Exempel ur k\u00e4llmaterialet:<\/p>\n<div id=\"attachment_57\" style=\"width: 353px\" class=\"wp-caption alignnone\"><a href=\"http:\/\/politiskhistoria.se\/wp-content\/uploads\/2015\/06\/Times22aprilMayo300px.jpg\"><img loading=\"lazy\" decoding=\"async\" aria-describedby=\"caption-attachment-57\" class=\"size-full wp-image-57\" src=\"http:\/\/politiskhistoria.se\/wp-content\/uploads\/2015\/06\/Times22aprilMayo300px.jpg\" alt=\"Artikel i London Times 22 april 1846\" width=\"343\" height=\"306\" srcset=\"https:\/\/politiskhistoria.se\/wp-content\/uploads\/2015\/06\/Times22aprilMayo300px.jpg 343w, https:\/\/politiskhistoria.se\/wp-content\/uploads\/2015\/06\/Times22aprilMayo300px-300x268.jpg 300w, https:\/\/politiskhistoria.se\/wp-content\/uploads\/2015\/06\/Times22aprilMayo300px-100x89.jpg 100w, https:\/\/politiskhistoria.se\/wp-content\/uploads\/2015\/06\/Times22aprilMayo300px-150x134.jpg 150w\" sizes=\"auto, (max-width: 343px) 100vw, 343px\" \/><\/a><p id=\"caption-attachment-57\" class=\"wp-caption-text\">Ur artikel i London Times 22 april 1847<\/p><\/div>\n<div id=\"attachment_183\" style=\"width: 636px\" class=\"wp-caption alignnone\"><a href=\"http:\/\/politiskhistoria.se\/wp-content\/uploads\/2015\/07\/Kennedy7maj1849.jpg\"><img loading=\"lazy\" decoding=\"async\" aria-describedby=\"caption-attachment-183\" class=\"size-large wp-image-183\" src=\"http:\/\/politiskhistoria.se\/wp-content\/uploads\/2015\/07\/Kennedy7maj1849-626x1024.jpg\" alt=\"Ur brittiska parlamentets dokument ang\u00e5ende Irland.\" width=\"626\" height=\"1024\" srcset=\"https:\/\/politiskhistoria.se\/wp-content\/uploads\/2015\/07\/Kennedy7maj1849-626x1024.jpg 626w, https:\/\/politiskhistoria.se\/wp-content\/uploads\/2015\/07\/Kennedy7maj1849-183x300.jpg 183w, https:\/\/politiskhistoria.se\/wp-content\/uploads\/2015\/07\/Kennedy7maj1849-92x150.jpg 92w, https:\/\/politiskhistoria.se\/wp-content\/uploads\/2015\/07\/Kennedy7maj1849.jpg 1200w\" sizes=\"auto, (max-width: 626px) 100vw, 626px\" \/><\/a><p id=\"caption-attachment-183\" class=\"wp-caption-text\">Ur brittiska parlamentets dokument ang\u00e5ende Irland.<\/p><\/div>\n<div id=\"attachment_180\" style=\"width: 909px\" class=\"wp-caption alignnone\"><a href=\"http:\/\/politiskhistoria.se\/wp-content\/uploads\/2015\/07\/dungarvanriot.gif\"><img loading=\"lazy\" decoding=\"async\" aria-describedby=\"caption-attachment-180\" class=\"size-full wp-image-180\" src=\"http:\/\/politiskhistoria.se\/wp-content\/uploads\/2015\/07\/dungarvanriot.gif\" alt=\"Hungerkravaller i Dungarvan.\" width=\"899\" height=\"817\" \/><\/a><p id=\"caption-attachment-180\" class=\"wp-caption-text\">Hungerkravaller i Dungarvan.<\/p><\/div>\n","protected":false},"excerpt":{"rendered":"<p>Svart Potatis F\u00f6r mer information, l\u00e4s- eller recensionsexemplar, etc skicka mail till info@politiskhistoria.se. Mail till f\u00f6rfattaren P\u00e4r Lodin: par.lodin@interactive.nu Provl\u00e4s (inneh\u00e5ll, f\u00f6rord, kapitel 1) \u2013 klicka h\u00e4r. H\u00f6guppl\u00f6sta bilder fria att anv\u00e4nda (klicka f\u00f6r att \u00f6ppna i full storlek): De kusliga statyerna &#8221;Famine&#8221; av Rowan Gillespi. \u00a0Konstverket vid Dublins kaj\u2026<\/p>\n<p> <a class=\"continue-reading-link\" href=\"https:\/\/politiskhistoria.se\/?page_id=137\"><span>L\u00e4s mer<\/span><i class=\"crycon-right-dir\"><\/i><\/a> <\/p>\n","protected":false},"author":1,"featured_media":0,"parent":0,"menu_order":3,"comment_status":"closed","ping_status":"closed","template":"","meta":{"footnotes":""},"class_list":["post-137","page","type-page","status-publish","hentry"],"_links":{"self":[{"href":"https:\/\/politiskhistoria.se\/index.php?rest_route=\/wp\/v2\/pages\/137","targetHints":{"allow":["GET"]}}],"collection":[{"href":"https:\/\/politiskhistoria.se\/index.php?rest_route=\/wp\/v2\/pages"}],"about":[{"href":"https:\/\/politiskhistoria.se\/index.php?rest_route=\/wp\/v2\/types\/page"}],"author":[{"embeddable":true,"href":"https:\/\/politiskhistoria.se\/index.php?rest_route=\/wp\/v2\/users\/1"}],"replies":[{"embeddable":true,"href":"https:\/\/politiskhistoria.se\/index.php?rest_route=%2Fwp%2Fv2%2Fcomments&post=137"}],"version-history":[{"count":20,"href":"https:\/\/politiskhistoria.se\/index.php?rest_route=\/wp\/v2\/pages\/137\/revisions"}],"predecessor-version":[{"id":220,"href":"https:\/\/politiskhistoria.se\/index.php?rest_route=\/wp\/v2\/pages\/137\/revisions\/220"}],"wp:attachment":[{"href":"https:\/\/politiskhistoria.se\/index.php?rest_route=%2Fwp%2Fv2%2Fmedia&parent=137"}],"curies":[{"name":"wp","href":"https:\/\/api.w.org\/{rel}","templated":true}]}}