{"id":207,"date":"2015-09-01T18:10:27","date_gmt":"2015-09-01T18:10:27","guid":{"rendered":"http:\/\/politiskhistoria.se\/?page_id=207"},"modified":"2016-02-28T21:24:47","modified_gmt":"2016-02-28T21:24:47","slug":"recensioner","status":"publish","type":"page","link":"https:\/\/politiskhistoria.se\/?page_id=207","title":{"rendered":"Recensioner"},"content":{"rendered":"<p>Tidningen Folket i Bild kulturfront recenserar Svart Potatis i nr 2-16.<br \/>\nN\u00e5gra utdrag:<br \/>\n\u201dDet \u00e4r allts\u00e5 ett pionj\u00e4rverk f\u00f6rfattaren \u00e5stadkommit. En av de allra viktigaste samh\u00e4llsorienterade b\u00f6ckerna som utkommit de senaste \u00e5ren\u201d<br \/>\n\u201dBokens disposition [\u2026] allt h\u00e5llet i en stramt ber\u00e4ttad stil \u00a0g\u00f6r denna skrift mycket l\u00e4sv\u00e4rd. Sp\u00e4nnvidden i historien [\u2026] g\u00f6r boken oumb\u00e4rlig f\u00f6r varje l\u00e4sare som har ett politiskt eller historiskt intresse.\u201d<br \/>\nRecensionen \u00e4r skriven av Jan Bergsten.<\/p>\n<p>I \u00d6stra Sm\u00e5land Nyheterna recenserades\u00a0\u201dSvart potatis\u201d \u00a0av Dag Sandahl under rubriken\u00a0<strong>\u201dSkr\u00e4mmande genomg\u00e5ng av sv\u00e4lten p\u00e5 Irland.\u201d<\/strong><\/p>\n<p>\u201dP\u00e4r Lodins bok \u00e4r b\u00e4ttre \u00e4n de jag tidigare l\u00e4st f\u00f6r Lodin tar ett rej\u00e4lt grepp och \u00e5terger den politiska debatten i det brittiska parlamentet och t\u00e4nkes\u00e4tten i de brittiska departementen och dokumenterar flitigt. Det \u00e4r en skr\u00e4mmande genomg\u00e5ng\u201d, skriver Sandahl.<\/p>\n<p>Klicka p\u00e5 bilden f\u00f6r att f\u00f6rstora:<\/p>\n<p><a href=\"http:\/\/politiskhistoria.se\/wp-content\/uploads\/2015\/09\/recOSmaland.jpg\"><img loading=\"lazy\" decoding=\"async\" class=\"alignnone size-large wp-image-208\" src=\"http:\/\/politiskhistoria.se\/wp-content\/uploads\/2015\/09\/recOSmaland-1024x493.jpg\" alt=\"recOSmaland\" width=\"900\" height=\"433\" srcset=\"https:\/\/politiskhistoria.se\/wp-content\/uploads\/2015\/09\/recOSmaland-1024x493.jpg 1024w, https:\/\/politiskhistoria.se\/wp-content\/uploads\/2015\/09\/recOSmaland-300x144.jpg 300w, https:\/\/politiskhistoria.se\/wp-content\/uploads\/2015\/09\/recOSmaland-100x48.jpg 100w, https:\/\/politiskhistoria.se\/wp-content\/uploads\/2015\/09\/recOSmaland-150x72.jpg 150w, https:\/\/politiskhistoria.se\/wp-content\/uploads\/2015\/09\/recOSmaland.jpg 2048w\" sizes=\"auto, (max-width: 900px) 100vw, 900px\" \/><\/a><\/p>\n<p>&nbsp;<\/p>\n<h4>\u201den f\u00e4ngslande och tillika hemsk skildring&#8230; &#8230;Svart potatis \u00e4r en skakande bok \u00a0&#8230;\u00c4ven klimataspekten \u00e4r orov\u00e4ckande p\u00e5tr\u00e4ngande\u201d<\/h4>\n<p>Lina Rigney Th\u00f6rnblom i tidningen Offensiv.<\/p>\n<h3><\/h3>\n<h4>\u201dSvart potatis \u00e4r en jobbig bok. Inte f\u00f6r den \u00e4r sv\u00e5rl\u00e4st \u2013 tv\u00e4rtom \u2013 utan f\u00f6r att den inneh\u00e5ller s\u00e5 sorgliga saker. Men l\u00e4s den.\u201d<\/h4>\n<p>Svante S\u00e4w\u00e9n i Sundsvalls Tidning.<\/p>\n<p><a href=\"http:\/\/politiskhistoria.se\/wp-content\/uploads\/2015\/09\/STrec1200px.jpg\"><img loading=\"lazy\" decoding=\"async\" class=\"alignnone size-large wp-image-232\" src=\"http:\/\/politiskhistoria.se\/wp-content\/uploads\/2015\/09\/STrec1200px-1024x691.jpg\" alt=\"STrec1200px\" width=\"900\" height=\"607\" srcset=\"https:\/\/politiskhistoria.se\/wp-content\/uploads\/2015\/09\/STrec1200px-1024x691.jpg 1024w, https:\/\/politiskhistoria.se\/wp-content\/uploads\/2015\/09\/STrec1200px-300x203.jpg 300w, https:\/\/politiskhistoria.se\/wp-content\/uploads\/2015\/09\/STrec1200px-100x68.jpg 100w, https:\/\/politiskhistoria.se\/wp-content\/uploads\/2015\/09\/STrec1200px-150x101.jpg 150w, https:\/\/politiskhistoria.se\/wp-content\/uploads\/2015\/09\/STrec1200px.jpg 1200w\" sizes=\"auto, (max-width: 900px) 100vw, 900px\" \/><\/a><\/p>\n<h4>Aftonbladet om Svart potatis: \u201driktigt intressant\u201d<\/h4>\n<p>Ingvar Persson, ledarskribent i Aftonbladet skriver om \u201dSvart potatis\u201d i en artikel med rubriken \u201dKontroll och f\u00f6rnedring av fattiga \u00e4r inget nytt\u201d.<\/p>\n<p><a href=\"http:\/\/politiskhistoria.se\/wp-content\/uploads\/2015\/09\/ABrec900px.jpg\"><img loading=\"lazy\" decoding=\"async\" class=\"alignnone size-large wp-image-234\" src=\"http:\/\/politiskhistoria.se\/wp-content\/uploads\/2015\/09\/ABrec900px-636x1024.jpg\" alt=\"ABrec900px\" width=\"636\" height=\"1024\" srcset=\"https:\/\/politiskhistoria.se\/wp-content\/uploads\/2015\/09\/ABrec900px-636x1024.jpg 636w, https:\/\/politiskhistoria.se\/wp-content\/uploads\/2015\/09\/ABrec900px-186x300.jpg 186w, https:\/\/politiskhistoria.se\/wp-content\/uploads\/2015\/09\/ABrec900px-93x150.jpg 93w, https:\/\/politiskhistoria.se\/wp-content\/uploads\/2015\/09\/ABrec900px.jpg 900w\" sizes=\"auto, (max-width: 636px) 100vw, 636px\" \/><\/a><\/p>\n<h4>\u201dinitierat och engagerat om kampen mellan de som ville hj\u00e4lpa och cynikerna som ville att marknadskrafterna skulle l\u00f6sa problemet medan sv\u00e4ltande torpare dog i diken&#8230;\u00a0F\u00f6rfattaren refererar debatter i parlamentet, hittar enskilda \u00f6den b\u00e5de bland utsatta torpare, revolution\u00e4rer, empatiska hj\u00e4lpare och h\u00e5rda laissez faire-ivrare, f\u00f6ljer \u00f6verlevande utvandrare i det nya landet och ger p\u00e5 s\u00e5 s\u00e4tt b\u00e5de ett politiskt, individuellt perspektiv och visar f\u00f6ljderna i dagens politik. Boken \u00e4r v\u00e4lkommen och v\u00e4lskriven..\u201d<\/h4>\n<p>Ur BTJs (Bibliotekstj\u00e4nst) recension.<\/p>\n<h4>\u201dDe brittiska politikerna visste utomordentligt v\u00e4l vad som skedde 60 mil l\u00e4ngre bort. Livsmedel fanns i m\u00e4ngd. \u00c4nd\u00e5 v\u00e4grade de \u00e5r ut och \u00e5r in att ingripa. Hur var det m\u00f6jligt? P\u00e4r Lodin f\u00f6rklarar det otroliga i sin genomforskade och v\u00e4lkomponerade bok.\u201d<\/h4>\n<p>Leif Y Dahlberg, Gotlands Tidningar.<\/p>\n<p><a href=\"http:\/\/politiskhistoria.se\/wp-content\/uploads\/2015\/09\/RecGotlandsTidn900px.jpg\"><img loading=\"lazy\" decoding=\"async\" class=\"alignnone size-full wp-image-250\" src=\"http:\/\/politiskhistoria.se\/wp-content\/uploads\/2015\/09\/RecGotlandsTidn900px.jpg\" alt=\"3007978_.indd\" width=\"900\" height=\"484\" srcset=\"https:\/\/politiskhistoria.se\/wp-content\/uploads\/2015\/09\/RecGotlandsTidn900px.jpg 900w, https:\/\/politiskhistoria.se\/wp-content\/uploads\/2015\/09\/RecGotlandsTidn900px-300x161.jpg 300w, https:\/\/politiskhistoria.se\/wp-content\/uploads\/2015\/09\/RecGotlandsTidn900px-100x54.jpg 100w, https:\/\/politiskhistoria.se\/wp-content\/uploads\/2015\/09\/RecGotlandsTidn900px-150x81.jpg 150w\" sizes=\"auto, (max-width: 900px) 100vw, 900px\" \/><\/a><\/p>\n","protected":false},"excerpt":{"rendered":"<p>Tidningen Folket i Bild kulturfront recenserar Svart Potatis i nr 2-16. N\u00e5gra utdrag: \u201dDet \u00e4r allts\u00e5 ett pionj\u00e4rverk f\u00f6rfattaren \u00e5stadkommit. En av de allra viktigaste samh\u00e4llsorienterade b\u00f6ckerna som utkommit de senaste \u00e5ren\u201d \u201dBokens disposition [\u2026] allt h\u00e5llet i en stramt ber\u00e4ttad stil \u00a0g\u00f6r denna skrift mycket l\u00e4sv\u00e4rd. Sp\u00e4nnvidden i historien\u2026<\/p>\n<p> <a class=\"continue-reading-link\" href=\"https:\/\/politiskhistoria.se\/?page_id=207\"><span>L\u00e4s mer<\/span><i class=\"crycon-right-dir\"><\/i><\/a> <\/p>\n","protected":false},"author":1,"featured_media":0,"parent":0,"menu_order":0,"comment_status":"closed","ping_status":"closed","template":"","meta":{"footnotes":""},"class_list":["post-207","page","type-page","status-publish","hentry"],"_links":{"self":[{"href":"https:\/\/politiskhistoria.se\/index.php?rest_route=\/wp\/v2\/pages\/207","targetHints":{"allow":["GET"]}}],"collection":[{"href":"https:\/\/politiskhistoria.se\/index.php?rest_route=\/wp\/v2\/pages"}],"about":[{"href":"https:\/\/politiskhistoria.se\/index.php?rest_route=\/wp\/v2\/types\/page"}],"author":[{"embeddable":true,"href":"https:\/\/politiskhistoria.se\/index.php?rest_route=\/wp\/v2\/users\/1"}],"replies":[{"embeddable":true,"href":"https:\/\/politiskhistoria.se\/index.php?rest_route=%2Fwp%2Fv2%2Fcomments&post=207"}],"version-history":[{"count":21,"href":"https:\/\/politiskhistoria.se\/index.php?rest_route=\/wp\/v2\/pages\/207\/revisions"}],"predecessor-version":[{"id":279,"href":"https:\/\/politiskhistoria.se\/index.php?rest_route=\/wp\/v2\/pages\/207\/revisions\/279"}],"wp:attachment":[{"href":"https:\/\/politiskhistoria.se\/index.php?rest_route=%2Fwp%2Fv2%2Fmedia&parent=207"}],"curies":[{"name":"wp","href":"https:\/\/api.w.org\/{rel}","templated":true}]}}